{"id":1084,"date":"2021-07-12T14:41:30","date_gmt":"2021-07-12T14:41:30","guid":{"rendered":"https:\/\/www.onair-consulting.fr\/?page_id=1084"},"modified":"2021-09-14T17:07:06","modified_gmt":"2021-09-14T17:07:06","slug":"frederic-barthe","status":"publish","type":"page","link":"https:\/\/www.onair-consulting.fr\/en\/frederic-barthe\/","title":{"rendered":"Fr\u00e9d\u00e9ric Barthe"},"content":{"rendered":"<div data-elementor-type=\"wp-page\" data-elementor-id=\"1084\" class=\"elementor elementor-1084\">\n\t\t\t\t\t\t<section class=\"elementor-section elementor-top-section elementor-element elementor-element-e41097e elementor-section-boxed elementor-section-height-default elementor-section-height-default\" data-id=\"e41097e\" data-element_type=\"section\">\n\t\t\t\t\t\t<div class=\"elementor-container elementor-column-gap-default\">\n\t\t\t\t\t<div class=\"elementor-column elementor-col-100 elementor-top-column elementor-element elementor-element-b885da8\" data-id=\"b885da8\" data-element_type=\"column\">\n\t\t\t<div class=\"elementor-widget-wrap elementor-element-populated\">\n\t\t\t\t\t\t<div class=\"elementor-element elementor-element-a5cecff elementor-widget elementor-widget-spacer\" data-id=\"a5cecff\" data-element_type=\"widget\" data-widget_type=\"spacer.default\">\n\t\t\t\t<div class=\"elementor-widget-container\">\n\t\t\t\t\t<div class=\"elementor-spacer\">\n\t\t\t<div class=\"elementor-spacer-inner\"><\/div>\n\t\t<\/div>\n\t\t\t\t<\/div>\n\t\t\t\t<\/div>\n\t\t\t\t\t<\/div>\n\t\t<\/div>\n\t\t\t\t\t<\/div>\n\t\t<\/section>\n\t\t\t\t<section class=\"elementor-section elementor-top-section elementor-element elementor-element-eab9252 elementor-section-boxed elementor-section-height-default elementor-section-height-default\" data-id=\"eab9252\" data-element_type=\"section\">\n\t\t\t\t\t\t<div class=\"elementor-container elementor-column-gap-default\">\n\t\t\t\t\t<div class=\"elementor-column elementor-col-50 elementor-top-column elementor-element elementor-element-0fe0fa7\" data-id=\"0fe0fa7\" data-element_type=\"column\" data-settings=\"{&quot;background_background&quot;:&quot;classic&quot;}\">\n\t\t\t<div class=\"elementor-widget-wrap elementor-element-populated\">\n\t\t\t\t\t\t<div class=\"elementor-element elementor-element-00a149a elementor-widget elementor-widget-spacer\" data-id=\"00a149a\" data-element_type=\"widget\" data-widget_type=\"spacer.default\">\n\t\t\t\t<div class=\"elementor-widget-container\">\n\t\t\t\t\t<div class=\"elementor-spacer\">\n\t\t\t<div class=\"elementor-spacer-inner\"><\/div>\n\t\t<\/div>\n\t\t\t\t<\/div>\n\t\t\t\t<\/div>\n\t\t\t\t<div class=\"elementor-element elementor-element-1c8631f elementor-widget elementor-widget-heading\" data-id=\"1c8631f\" data-element_type=\"widget\" data-widget_type=\"heading.default\">\n\t\t\t\t<div class=\"elementor-widget-container\">\n\t\t\t<h2 class=\"elementor-heading-title elementor-size-default\">Fr\u00e9d\u00e9ric Barthe dirigeant d\u2019On Air Consulting<\/h2>\t\t<\/div>\n\t\t\t\t<\/div>\n\t\t\t\t<div class=\"elementor-element elementor-element-9cdd77c elementor-widget elementor-widget-text-editor\" data-id=\"9cdd77c\" data-element_type=\"widget\" data-widget_type=\"text-editor.default\">\n\t\t\t\t<div class=\"elementor-widget-container\">\n\t\t\t\t\t\t\t<p>Frederic founded On Air Consulting in 2021, on the \u201cP.A.C.T.\" of personal values that have always animated him: Project management, Autonomy and Authenticity, Coherence, Transmission.<\/p><p>It is driven by these values that Frederic has managed Industrial Operations and complex Customer Programs for more than 20 years, thus forging healthy and lasting human relationships, in mutual respect and trust.<\/p><p>He naturally finds himlself in the words of Antoine de Saint Exupery: \"The greatness of a profession is perhaps, above all, to unite men: it is only a true luxury, and it is that of human relations. \". He thus proposes, through On Air Consulting, to continue the relationships he has built with many companies since 2005.<\/p><p>The breeding ground for On Air Consulting developed in 2 phases. First of all by participating, from 1994 to 2004, in the exponential growth of the international leader in automotive safety Autoliv: Frederic held several management positions in the industrial sector, in particular methods, production and supply chain. There, he learned Lean Manufacturing, industrial innovation, project and operational management. Then by managing complex programs in the Airbus ecosystem of the aeronautics industry: after 3 years in charge of Airbus production units, Frederic was appointed in 2008 Director of Lean Manufacturing at Aerolia. He took responsibility for the transformation program of this newly incorporated company. In 2011, he moved to the United Arab Emirates as director of the Aerolia Services program, in charge of setting up a new aerostructure manufacturing company in Abu Dhabi. Back in France at the end of 2013, he led the business development of Aerolia's industrial services activities, until the merger with Sogerma in 2015 which gave birth to Stelia Aerospace. He then took responsibility for the Airbus A350 structural parts program. In 2017, he was promoted to director of Airbus parts programs. In 2018, Hexcel, the leader in aeronautical composite materials, recruited him as director of its Airbus programs.<\/p><p>Fr\u00e9d\u00e9ric graduated as an engineer from the Institut Superieur de l'Aeronautique et de l'Espace ISAE-SUPAERO (1989-1992), and trained as a Coach with Coach Academy (2020-2021).<\/p>\t\t\t\t\t\t<\/div>\n\t\t\t\t<\/div>\n\t\t\t\t<div class=\"elementor-element elementor-element-1005bae elementor-widget elementor-widget-spacer\" data-id=\"1005bae\" data-element_type=\"widget\" data-widget_type=\"spacer.default\">\n\t\t\t\t<div class=\"elementor-widget-container\">\n\t\t\t\t\t<div class=\"elementor-spacer\">\n\t\t\t<div class=\"elementor-spacer-inner\"><\/div>\n\t\t<\/div>\n\t\t\t\t<\/div>\n\t\t\t\t<\/div>\n\t\t\t\t\t<\/div>\n\t\t<\/div>\n\t\t\t\t<div class=\"elementor-column elementor-col-50 elementor-top-column elementor-element elementor-element-7d52a8a\" data-id=\"7d52a8a\" data-element_type=\"column\">\n\t\t\t<div class=\"elementor-widget-wrap elementor-element-populated\">\n\t\t\t\t\t\t<div class=\"elementor-element elementor-element-f4d5eb7 elementor-widget elementor-widget-spacer\" data-id=\"f4d5eb7\" data-element_type=\"widget\" data-widget_type=\"spacer.default\">\n\t\t\t\t<div class=\"elementor-widget-container\">\n\t\t\t\t\t<div class=\"elementor-spacer\">\n\t\t\t<div class=\"elementor-spacer-inner\"><\/div>\n\t\t<\/div>\n\t\t\t\t<\/div>\n\t\t\t\t<\/div>\n\t\t\t\t<div class=\"elementor-element elementor-element-b81fe29 elementor-widget elementor-widget-image\" data-id=\"b81fe29\" data-element_type=\"widget\" data-widget_type=\"image.default\">\n\t\t\t\t<div class=\"elementor-widget-container\">\n\t\t\t\t\t\t\t\t\t\t\t\t\t<img fetchpriority=\"high\" decoding=\"async\" width=\"1992\" height=\"2560\" src=\"https:\/\/www.onair-consulting.fr\/wp-content\/uploads\/2021\/06\/FBarthe_photo-2021-scaled.jpg\" class=\"attachment-full size-full wp-image-156\" alt=\"\" srcset=\"https:\/\/www.onair-consulting.fr\/wp-content\/uploads\/2021\/06\/FBarthe_photo-2021-scaled.jpg 1992w, https:\/\/www.onair-consulting.fr\/wp-content\/uploads\/2021\/06\/FBarthe_photo-2021-233x300.jpg 233w, https:\/\/www.onair-consulting.fr\/wp-content\/uploads\/2021\/06\/FBarthe_photo-2021-797x1024.jpg 797w, https:\/\/www.onair-consulting.fr\/wp-content\/uploads\/2021\/06\/FBarthe_photo-2021-768x987.jpg 768w, https:\/\/www.onair-consulting.fr\/wp-content\/uploads\/2021\/06\/FBarthe_photo-2021-1195x1536.jpg 1195w, https:\/\/www.onair-consulting.fr\/wp-content\/uploads\/2021\/06\/FBarthe_photo-2021-1594x2048.jpg 1594w\" sizes=\"(max-width: 1992px) 100vw, 1992px\" \/>\t\t\t\t\t\t\t\t\t\t\t\t\t<\/div>\n\t\t\t\t<\/div>\n\t\t\t\t\t<\/div>\n\t\t<\/div>\n\t\t\t\t\t<\/div>\n\t\t<\/section>\n\t\t\t\t<\/div>","protected":false},"excerpt":{"rendered":"<p>Fr\u00e9d\u00e9ric Barthe dirigeant d\u2019On Air Consulting Fr\u00e9d\u00e9ric a fond\u00e9 On Air Consulting en 2021, sur le \u00ab P.A.C.T.E. \u00bb des valeurs personnelles qui l\u2019anime depuis toujours : Pilotage Projet, Autonomie et Authenticit\u00e9, Coh\u00e9rence, Transmission, Equipe. C\u2019est mobilis\u00e9 par ces valeurs que Fr\u00e9d\u00e9ric a pilot\u00e9 des Op\u00e9rations Industrielles et des Programmes Clients complexes pendant plus de&hellip;&nbsp;<a href=\"https:\/\/www.onair-consulting.fr\/en\/frederic-barthe\/\" class=\"\" rel=\"bookmark\">Read More &raquo;<span class=\"screen-reader-text\">Fr\u00e9d\u00e9ric Barthe<\/span><\/a><\/p>","protected":false},"author":1,"featured_media":0,"parent":0,"menu_order":0,"comment_status":"closed","ping_status":"closed","template":"elementor_header_footer","meta":{"neve_meta_sidebar":"full-width","neve_meta_container":"","neve_meta_enable_content_width":"on","neve_meta_content_width":100,"neve_meta_title_alignment":"","neve_meta_author_avatar":"","neve_post_elements_order":"","neve_meta_disable_header":"","neve_meta_disable_footer":"","neve_meta_disable_title":"","footnotes":""},"class_list":["post-1084","page","type-page","status-publish","hentry"],"yoast_head":"<!-- This site is optimized with the Yoast SEO plugin v22.8 - https:\/\/yoast.com\/wordpress\/plugins\/seo\/ -->\n<title>Fr\u00e9d\u00e9ric Barthe &#8211; On Air Consulting<\/title>\n<meta name=\"robots\" content=\"index, follow, max-snippet:-1, max-image-preview:large, max-video-preview:-1\" \/>\n<link rel=\"canonical\" href=\"https:\/\/www.onair-consulting.fr\/en\/frederic-barthe\/\" \/>\n<meta property=\"og:locale\" content=\"en_GB\" \/>\n<meta property=\"og:type\" content=\"article\" \/>\n<meta property=\"og:title\" content=\"Fr\u00e9d\u00e9ric Barthe &#8211; On Air Consulting\" \/>\n<meta property=\"og:description\" content=\"Fr\u00e9d\u00e9ric Barthe dirigeant d\u2019On Air Consulting Fr\u00e9d\u00e9ric a fond\u00e9 On Air Consulting en 2021, sur le \u00ab P.A.C.T.E. \u00bb des valeurs personnelles qui l\u2019anime depuis toujours : Pilotage Projet, Autonomie et Authenticit\u00e9, Coh\u00e9rence, Transmission, Equipe. C\u2019est mobilis\u00e9 par ces valeurs que Fr\u00e9d\u00e9ric a pilot\u00e9 des Op\u00e9rations Industrielles et des Programmes Clients complexes pendant plus de&hellip;&nbsp;Read More &raquo;Fr\u00e9d\u00e9ric Barthe\" \/>\n<meta property=\"og:url\" content=\"https:\/\/www.onair-consulting.fr\/en\/frederic-barthe\/\" \/>\n<meta property=\"og:site_name\" content=\"On Air Consulting\" \/>\n<meta property=\"article:modified_time\" content=\"2021-09-14T17:07:06+00:00\" \/>\n<meta property=\"og:image\" content=\"https:\/\/www.onair-consulting.fr\/wp-content\/uploads\/2021\/06\/FBarthe_photo-2021-scaled.jpg\" \/>\n<meta name=\"twitter:card\" content=\"summary_large_image\" \/>\n<meta name=\"twitter:label1\" content=\"Estimated reading time\" \/>\n\t<meta name=\"twitter:data1\" content=\"2 minutes\" \/>\n<script type=\"application\/ld+json\" class=\"yoast-schema-graph\">{\"@context\":\"https:\/\/schema.org\",\"@graph\":[{\"@type\":\"WebPage\",\"@id\":\"https:\/\/www.onair-consulting.fr\/frederic-barthe\/\",\"url\":\"https:\/\/www.onair-consulting.fr\/frederic-barthe\/\",\"name\":\"Fr\u00e9d\u00e9ric Barthe &#8211; On Air Consulting\",\"isPartOf\":{\"@id\":\"https:\/\/www.onair-consulting.fr\/#website\"},\"primaryImageOfPage\":{\"@id\":\"https:\/\/www.onair-consulting.fr\/frederic-barthe\/#primaryimage\"},\"image\":{\"@id\":\"https:\/\/www.onair-consulting.fr\/frederic-barthe\/#primaryimage\"},\"thumbnailUrl\":\"https:\/\/www.onair-consulting.fr\/wp-content\/uploads\/2021\/06\/FBarthe_photo-2021-scaled.jpg\",\"datePublished\":\"2021-07-12T14:41:30+00:00\",\"dateModified\":\"2021-09-14T17:07:06+00:00\",\"breadcrumb\":{\"@id\":\"https:\/\/www.onair-consulting.fr\/frederic-barthe\/#breadcrumb\"},\"inLanguage\":\"en-GB\",\"potentialAction\":[{\"@type\":\"ReadAction\",\"target\":[\"https:\/\/www.onair-consulting.fr\/frederic-barthe\/\"]}]},{\"@type\":\"ImageObject\",\"inLanguage\":\"en-GB\",\"@id\":\"https:\/\/www.onair-consulting.fr\/frederic-barthe\/#primaryimage\",\"url\":\"https:\/\/www.onair-consulting.fr\/wp-content\/uploads\/2021\/06\/FBarthe_photo-2021-scaled.jpg\",\"contentUrl\":\"https:\/\/www.onair-consulting.fr\/wp-content\/uploads\/2021\/06\/FBarthe_photo-2021-scaled.jpg\"},{\"@type\":\"BreadcrumbList\",\"@id\":\"https:\/\/www.onair-consulting.fr\/frederic-barthe\/#breadcrumb\",\"itemListElement\":[{\"@type\":\"ListItem\",\"position\":1,\"name\":\"Accueil\",\"item\":\"https:\/\/www.onair-consulting.fr\/\"},{\"@type\":\"ListItem\",\"position\":2,\"name\":\"Fr\u00e9d\u00e9ric Barthe\"}]},{\"@type\":\"WebSite\",\"@id\":\"https:\/\/www.onair-consulting.fr\/#website\",\"url\":\"https:\/\/www.onair-consulting.fr\/\",\"name\":\"On Air Consulting\",\"description\":\"Specialized in advising majors clients of the aerospatial industry\",\"publisher\":{\"@id\":\"https:\/\/www.onair-consulting.fr\/#\/schema\/person\/581ebdc3214098777fb495b7f6aaa2c5\"},\"potentialAction\":[{\"@type\":\"SearchAction\",\"target\":{\"@type\":\"EntryPoint\",\"urlTemplate\":\"https:\/\/www.onair-consulting.fr\/?s={search_term_string}\"},\"query-input\":\"required name=search_term_string\"}],\"inLanguage\":\"en-GB\"},{\"@type\":[\"Person\",\"Organization\"],\"@id\":\"https:\/\/www.onair-consulting.fr\/#\/schema\/person\/581ebdc3214098777fb495b7f6aaa2c5\",\"name\":\"Fr\u00e9d\u00e9ric Barthe\",\"image\":{\"@type\":\"ImageObject\",\"inLanguage\":\"en-GB\",\"@id\":\"https:\/\/www.onair-consulting.fr\/#\/schema\/person\/image\/\",\"url\":\"https:\/\/www.onair-consulting.fr\/wp-content\/uploads\/2021\/06\/cropped-AOC_logo_color_SD.png\",\"contentUrl\":\"https:\/\/www.onair-consulting.fr\/wp-content\/uploads\/2021\/06\/cropped-AOC_logo_color_SD.png\",\"width\":842,\"height\":407,\"caption\":\"Fr\u00e9d\u00e9ric Barthe\"},\"logo\":{\"@id\":\"https:\/\/www.onair-consulting.fr\/#\/schema\/person\/image\/\"},\"sameAs\":[\"https:\/\/www.onair-consulting.fr\/\"]}]}<\/script>\n<!-- \/ Yoast SEO plugin. -->","yoast_head_json":{"title":"Fr\u00e9d\u00e9ric Barthe &#8211; On Air Consulting","robots":{"index":"index","follow":"follow","max-snippet":"max-snippet:-1","max-image-preview":"max-image-preview:large","max-video-preview":"max-video-preview:-1"},"canonical":"https:\/\/www.onair-consulting.fr\/en\/frederic-barthe\/","og_locale":"en_GB","og_type":"article","og_title":"Fr\u00e9d\u00e9ric Barthe &#8211; On Air Consulting","og_description":"Fr\u00e9d\u00e9ric Barthe dirigeant d\u2019On Air Consulting Fr\u00e9d\u00e9ric a fond\u00e9 On Air Consulting en 2021, sur le \u00ab P.A.C.T.E. \u00bb des valeurs personnelles qui l\u2019anime depuis toujours : Pilotage Projet, Autonomie et Authenticit\u00e9, Coh\u00e9rence, Transmission, Equipe. C\u2019est mobilis\u00e9 par ces valeurs que Fr\u00e9d\u00e9ric a pilot\u00e9 des Op\u00e9rations Industrielles et des Programmes Clients complexes pendant plus de&hellip;&nbsp;Read More &raquo;Fr\u00e9d\u00e9ric Barthe","og_url":"https:\/\/www.onair-consulting.fr\/en\/frederic-barthe\/","og_site_name":"On Air Consulting","article_modified_time":"2021-09-14T17:07:06+00:00","og_image":[{"url":"https:\/\/www.onair-consulting.fr\/wp-content\/uploads\/2021\/06\/FBarthe_photo-2021-scaled.jpg"}],"twitter_card":"summary_large_image","twitter_misc":{"Estimated reading time":"2 minutes"},"schema":{"@context":"https:\/\/schema.org","@graph":[{"@type":"WebPage","@id":"https:\/\/www.onair-consulting.fr\/frederic-barthe\/","url":"https:\/\/www.onair-consulting.fr\/frederic-barthe\/","name":"Fr\u00e9d\u00e9ric Barthe &#8211; On Air Consulting","isPartOf":{"@id":"https:\/\/www.onair-consulting.fr\/#website"},"primaryImageOfPage":{"@id":"https:\/\/www.onair-consulting.fr\/frederic-barthe\/#primaryimage"},"image":{"@id":"https:\/\/www.onair-consulting.fr\/frederic-barthe\/#primaryimage"},"thumbnailUrl":"https:\/\/www.onair-consulting.fr\/wp-content\/uploads\/2021\/06\/FBarthe_photo-2021-scaled.jpg","datePublished":"2021-07-12T14:41:30+00:00","dateModified":"2021-09-14T17:07:06+00:00","breadcrumb":{"@id":"https:\/\/www.onair-consulting.fr\/frederic-barthe\/#breadcrumb"},"inLanguage":"en-GB","potentialAction":[{"@type":"ReadAction","target":["https:\/\/www.onair-consulting.fr\/frederic-barthe\/"]}]},{"@type":"ImageObject","inLanguage":"en-GB","@id":"https:\/\/www.onair-consulting.fr\/frederic-barthe\/#primaryimage","url":"https:\/\/www.onair-consulting.fr\/wp-content\/uploads\/2021\/06\/FBarthe_photo-2021-scaled.jpg","contentUrl":"https:\/\/www.onair-consulting.fr\/wp-content\/uploads\/2021\/06\/FBarthe_photo-2021-scaled.jpg"},{"@type":"BreadcrumbList","@id":"https:\/\/www.onair-consulting.fr\/frederic-barthe\/#breadcrumb","itemListElement":[{"@type":"ListItem","position":1,"name":"Accueil","item":"https:\/\/www.onair-consulting.fr\/"},{"@type":"ListItem","position":2,"name":"Fr\u00e9d\u00e9ric Barthe"}]},{"@type":"WebSite","@id":"https:\/\/www.onair-consulting.fr\/#website","url":"https:\/\/www.onair-consulting.fr\/","name":"On Air Consulting","description":"Specialized in advising majors clients of the aerospatial industry","publisher":{"@id":"https:\/\/www.onair-consulting.fr\/#\/schema\/person\/581ebdc3214098777fb495b7f6aaa2c5"},"potentialAction":[{"@type":"SearchAction","target":{"@type":"EntryPoint","urlTemplate":"https:\/\/www.onair-consulting.fr\/?s={search_term_string}"},"query-input":"required name=search_term_string"}],"inLanguage":"en-GB"},{"@type":["Person","Organization"],"@id":"https:\/\/www.onair-consulting.fr\/#\/schema\/person\/581ebdc3214098777fb495b7f6aaa2c5","name":"Fr\u00e9d\u00e9ric Barthe","image":{"@type":"ImageObject","inLanguage":"en-GB","@id":"https:\/\/www.onair-consulting.fr\/#\/schema\/person\/image\/","url":"https:\/\/www.onair-consulting.fr\/wp-content\/uploads\/2021\/06\/cropped-AOC_logo_color_SD.png","contentUrl":"https:\/\/www.onair-consulting.fr\/wp-content\/uploads\/2021\/06\/cropped-AOC_logo_color_SD.png","width":842,"height":407,"caption":"Fr\u00e9d\u00e9ric Barthe"},"logo":{"@id":"https:\/\/www.onair-consulting.fr\/#\/schema\/person\/image\/"},"sameAs":["https:\/\/www.onair-consulting.fr\/"]}]}},"_links":{"self":[{"href":"https:\/\/www.onair-consulting.fr\/en\/wp-json\/wp\/v2\/pages\/1084","targetHints":{"allow":["GET"]}}],"collection":[{"href":"https:\/\/www.onair-consulting.fr\/en\/wp-json\/wp\/v2\/pages"}],"about":[{"href":"https:\/\/www.onair-consulting.fr\/en\/wp-json\/wp\/v2\/types\/page"}],"author":[{"embeddable":true,"href":"https:\/\/www.onair-consulting.fr\/en\/wp-json\/wp\/v2\/users\/1"}],"replies":[{"embeddable":true,"href":"https:\/\/www.onair-consulting.fr\/en\/wp-json\/wp\/v2\/comments?post=1084"}],"version-history":[{"count":38,"href":"https:\/\/www.onair-consulting.fr\/en\/wp-json\/wp\/v2\/pages\/1084\/revisions"}],"predecessor-version":[{"id":4532,"href":"https:\/\/www.onair-consulting.fr\/en\/wp-json\/wp\/v2\/pages\/1084\/revisions\/4532"}],"wp:attachment":[{"href":"https:\/\/www.onair-consulting.fr\/en\/wp-json\/wp\/v2\/media?parent=1084"}],"curies":[{"name":"wp","href":"https:\/\/api.w.org\/{rel}","templated":true}]}}